{"id":16,"date":"2019-01-22T15:37:30","date_gmt":"2019-01-22T14:37:30","guid":{"rendered":"https:\/\/questiondestyle.a2dfinformatique.com\/?page_id=16"},"modified":"2022-12-11T21:00:47","modified_gmt":"2022-12-11T20:00:47","slug":"accueil","status":"publish","type":"page","link":"https:\/\/www.questiondestyle.fr\/","title":{"rendered":"Accueil"},"content":{"rendered":"\t\t<div data-elementor-type=\"wp-post\" data-elementor-id=\"16\" class=\"elementor elementor-16\">\n\t\t\t\t\t\t<section class=\"elementor-section elementor-top-section elementor-element elementor-element-36ceafc elementor-section-stretched elementor-section-boxed elementor-section-height-default elementor-section-height-default\" data-id=\"36ceafc\" data-element_type=\"section\" data-settings=\"{&quot;stretch_section&quot;:&quot;section-stretched&quot;}\">\n\t\t\t\t\t\t<div class=\"elementor-container elementor-column-gap-default\">\n\t\t\t\t\t<div class=\"elementor-column elementor-col-33 elementor-top-column elementor-element elementor-element-c5929f9\" data-id=\"c5929f9\" data-element_type=\"column\">\n\t\t\t<div class=\"elementor-widget-wrap elementor-element-populated\">\n\t\t\t\t\t\t\t<\/div>\n\t\t<\/div>\n\t\t\t\t<div class=\"elementor-column elementor-col-33 elementor-top-column elementor-element elementor-element-b4ea8c6\" data-id=\"b4ea8c6\" data-element_type=\"column\">\n\t\t\t<div class=\"elementor-widget-wrap elementor-element-populated\">\n\t\t\t\t\t\t<div class=\"elementor-element elementor-element-cabe261 elementor-widget elementor-widget-text-editor\" data-id=\"cabe261\" data-element_type=\"widget\" data-widget_type=\"text-editor.default\">\n\t\t\t\t<div class=\"elementor-widget-container\">\n\t\t\t<style>\/*! elementor - v3.22.0 - 16-06-2024 *\/\n.elementor-widget-text-editor.elementor-drop-cap-view-stacked .elementor-drop-cap{background-color:#69727d;color:#fff}.elementor-widget-text-editor.elementor-drop-cap-view-framed .elementor-drop-cap{color:#69727d;border:3px solid;background-color:transparent}.elementor-widget-text-editor:not(.elementor-drop-cap-view-default) .elementor-drop-cap{margin-top:8px}.elementor-widget-text-editor:not(.elementor-drop-cap-view-default) .elementor-drop-cap-letter{width:1em;height:1em}.elementor-widget-text-editor .elementor-drop-cap{float:left;text-align:center;line-height:1;font-size:50px}.elementor-widget-text-editor .elementor-drop-cap-letter{display:inline-block}<\/style>\t\t\t\t<p style=\"text-align: left;\">Notre salon de coiffure Question de Style est situ\u00e9 dans le vignoble Nantais, au Pallet, entre Vallet et Clisson. Nous sommes form\u00e9es aux nouvelles tendances et nous vous proposons des services sur mesure en tenant compte de votre personnalit\u00e9.<br \/>D\u00e9couvrez dans notre salon des prestations exclusives : coiffure mixte, barbier, coloration, m\u00e8ches ou balayage, coiffure de soir\u00e9e et mariage, soins thalasso, permanente sans ammoniaque, etc.<\/p>\t\t\t\t\t\t<\/div>\n\t\t\t\t<\/div>\n\t\t\t\t\t<\/div>\n\t\t<\/div>\n\t\t\t\t<div class=\"elementor-column elementor-col-33 elementor-top-column elementor-element elementor-element-9d76487\" data-id=\"9d76487\" data-element_type=\"column\">\n\t\t\t<div class=\"elementor-widget-wrap elementor-element-populated\">\n\t\t\t\t\t\t<div class=\"elementor-element elementor-element-fc7e545 elementor-widget elementor-widget-image\" data-id=\"fc7e545\" data-element_type=\"widget\" data-widget_type=\"image.default\">\n\t\t\t\t<div class=\"elementor-widget-container\">\n\t\t\t<style>\/*! elementor - v3.22.0 - 16-06-2024 *\/\n.elementor-widget-image{text-align:center}.elementor-widget-image a{display:inline-block}.elementor-widget-image a img[src$=\".svg\"]{width:48px}.elementor-widget-image img{vertical-align:middle;display:inline-block}<\/style>\t\t\t\t\t\t\t\t\t\t\t<a href=\"https:\/\/questiondestyle.a2dfinformatique.com\/wp-content\/uploads\/2019\/01\/image4.jpg\" data-elementor-open-lightbox=\"yes\" data-elementor-lightbox-title=\"image4\" data-e-action-hash=\"#elementor-action%3Aaction%3Dlightbox%26settings%3DeyJpZCI6NDgsInVybCI6Imh0dHBzOlwvXC93d3cucXVlc3Rpb25kZXN0eWxlLmZyXC93cC1jb250ZW50XC91cGxvYWRzXC8yMDE5XC8wMVwvaW1hZ2U0LmpwZyJ9\">\n\t\t\t\t\t\t\t<img fetchpriority=\"high\" decoding=\"async\" width=\"525\" height=\"786\" src=\"https:\/\/www.questiondestyle.fr\/wp-content\/uploads\/2019\/01\/image4-684x1024.jpg\" class=\"attachment-large size-large wp-image-48\" alt=\"\" srcset=\"https:\/\/www.questiondestyle.fr\/wp-content\/uploads\/2019\/01\/image4-684x1024.jpg 684w, https:\/\/www.questiondestyle.fr\/wp-content\/uploads\/2019\/01\/image4-200x300.jpg 200w, https:\/\/www.questiondestyle.fr\/wp-content\/uploads\/2019\/01\/image4-768x1150.jpg 768w, https:\/\/www.questiondestyle.fr\/wp-content\/uploads\/2019\/01\/image4.jpg 1502w\" sizes=\"100vw\" \/>\t\t\t\t\t\t\t\t<\/a>\n\t\t\t\t\t\t\t\t\t\t\t\t\t<\/div>\n\t\t\t\t<\/div>\n\t\t\t\t\t<\/div>\n\t\t<\/div>\n\t\t\t\t\t<\/div>\n\t\t<\/section>\n\t\t\t\t<section class=\"elementor-section elementor-top-section elementor-element elementor-element-759b9b1 elementor-section-stretched elementor-section-boxed elementor-section-height-default elementor-section-height-default\" data-id=\"759b9b1\" data-element_type=\"section\" data-settings=\"{&quot;stretch_section&quot;:&quot;section-stretched&quot;}\">\n\t\t\t\t\t\t<div class=\"elementor-container elementor-column-gap-default\">\n\t\t\t\t\t<div class=\"elementor-column elementor-col-33 elementor-top-column elementor-element elementor-element-cf39f97\" data-id=\"cf39f97\" data-element_type=\"column\">\n\t\t\t<div class=\"elementor-widget-wrap elementor-element-populated\">\n\t\t\t\t\t\t<div class=\"elementor-element elementor-element-b5c561f elementor-widget elementor-widget-text-editor\" data-id=\"b5c561f\" data-element_type=\"widget\" data-widget_type=\"text-editor.default\">\n\t\t\t\t<div class=\"elementor-widget-container\">\n\t\t\t\t\t\t\t<p>L&rsquo;ESPRIT\u00a0 REVLON<\/p><p style=\"text-align: left;\">Nous travaillons uniquement avec des produits de qualit\u00e9 :<\/p><ul><li style=\"list-style-type: none;\"><ul style=\"font-family: Anaheim; font-size: 18px; letter-spacing: 1px; line-height: 1.7;\"><li>La coloration, les shampoings, les soins et les produits de coiffage b\u00e9n\u00e9ficient d&rsquo;une recherche avanc\u00e9e,<\/li><li>Nous avons l&rsquo;exp\u00e9rience et le talent pour prendre soin et embellir le cheveu \u00e0 chaque rendez-vous,<\/li><li>Les couper, raviver la couleur, obtenir des tons lumineux, apporter de l\u2019\u00e9claircissement &#8230; \u00e9norm\u00e9ment de techniques et de possibilit\u00e9s, c&rsquo;est \u00e0 nous de vous conseiller.<\/li><\/ul><\/li><\/ul>\t\t\t\t\t\t<\/div>\n\t\t\t\t<\/div>\n\t\t\t\t\t<\/div>\n\t\t<\/div>\n\t\t\t\t<div class=\"elementor-column elementor-col-33 elementor-top-column elementor-element elementor-element-32c67d0\" data-id=\"32c67d0\" data-element_type=\"column\">\n\t\t\t<div class=\"elementor-widget-wrap elementor-element-populated\">\n\t\t\t\t\t\t<div class=\"elementor-element elementor-element-3911a42 elementor-widget elementor-widget-image\" data-id=\"3911a42\" data-element_type=\"widget\" data-widget_type=\"image.default\">\n\t\t\t\t<div class=\"elementor-widget-container\">\n\t\t\t\t\t\t\t\t\t\t\t\t\t\t<a href=\"https:\/\/questiondestyle.a2dfinformatique.com\/wp-content\/uploads\/2019\/01\/image5.jpg\" data-elementor-open-lightbox=\"yes\" data-elementor-lightbox-title=\"image5\" data-e-action-hash=\"#elementor-action%3Aaction%3Dlightbox%26settings%3DeyJpZCI6NTAsInVybCI6Imh0dHBzOlwvXC93d3cucXVlc3Rpb25kZXN0eWxlLmZyXC93cC1jb250ZW50XC91cGxvYWRzXC8yMDE5XC8wMVwvaW1hZ2U1LmpwZyJ9\">\n\t\t\t\t\t\t\t<img decoding=\"async\" width=\"525\" height=\"350\" src=\"https:\/\/www.questiondestyle.fr\/wp-content\/uploads\/2019\/01\/image5-1024x682.jpg\" class=\"attachment-large size-large wp-image-50\" alt=\"\" srcset=\"https:\/\/www.questiondestyle.fr\/wp-content\/uploads\/2019\/01\/image5-1024x682.jpg 1024w, https:\/\/www.questiondestyle.fr\/wp-content\/uploads\/2019\/01\/image5-300x200.jpg 300w, https:\/\/www.questiondestyle.fr\/wp-content\/uploads\/2019\/01\/image5-768x512.jpg 768w, https:\/\/www.questiondestyle.fr\/wp-content\/uploads\/2019\/01\/image5.jpg 1844w\" sizes=\"100vw\" \/>\t\t\t\t\t\t\t\t<\/a>\n\t\t\t\t\t\t\t\t\t\t\t\t\t<\/div>\n\t\t\t\t<\/div>\n\t\t\t\t\t<\/div>\n\t\t<\/div>\n\t\t\t\t<div class=\"elementor-column elementor-col-33 elementor-top-column elementor-element elementor-element-20cf9e0\" data-id=\"20cf9e0\" data-element_type=\"column\">\n\t\t\t<div class=\"elementor-widget-wrap elementor-element-populated\">\n\t\t\t\t\t\t<div class=\"elementor-element elementor-element-eac9498 elementor-widget elementor-widget-text-editor\" data-id=\"eac9498\" data-element_type=\"widget\" data-widget_type=\"text-editor.default\">\n\t\t\t\t<div class=\"elementor-widget-container\">\n\t\t\t\t\t\t\t<p style=\"text-align: center;\"><span style=\"color: #00000;\"><em><strong>\u00c9couter et sublimer chaque client est notre priorit\u00e9 de tous les jours.<\/strong><\/em><\/span><\/p>\t\t\t\t\t\t<\/div>\n\t\t\t\t<\/div>\n\t\t\t\t\t<\/div>\n\t\t<\/div>\n\t\t\t\t\t<\/div>\n\t\t<\/section>\n\t\t\t\t<section class=\"elementor-section elementor-top-section elementor-element elementor-element-5248605b elementor-section-height-min-height elementor-section-content-middle elementor-section-stretched elementor-section-boxed elementor-section-height-default elementor-section-items-middle\" data-id=\"5248605b\" data-element_type=\"section\" data-settings=\"{&quot;background_background&quot;:&quot;classic&quot;,&quot;stretch_section&quot;:&quot;section-stretched&quot;}\">\n\t\t\t\t\t\t\t<div class=\"elementor-background-overlay\"><\/div>\n\t\t\t\t\t\t\t<div class=\"elementor-container elementor-column-gap-default\">\n\t\t\t\t\t<div class=\"elementor-column elementor-col-100 elementor-top-column elementor-element elementor-element-3d6c019b\" data-id=\"3d6c019b\" data-element_type=\"column\">\n\t\t\t<div class=\"elementor-widget-wrap elementor-element-populated\">\n\t\t\t\t\t\t<div class=\"elementor-element elementor-element-76e93c8d elementor-align-center elementor-widget elementor-widget-button\" data-id=\"76e93c8d\" data-element_type=\"widget\" data-widget_type=\"button.default\">\n\t\t\t\t<div class=\"elementor-widget-container\">\n\t\t\t\t\t<div class=\"elementor-button-wrapper\">\n\t\t\t<a class=\"elementor-button elementor-button-link elementor-size-sm elementor-animation-grow\" href=\"\/?page_id=55\">\n\t\t\t\t\t\t<span class=\"elementor-button-content-wrapper\">\n\t\t\t\t\t\t\t\t\t<span class=\"elementor-button-text\">Retrouvez tous nos tarifs<\/span>\n\t\t\t\t\t<\/span>\n\t\t\t\t\t<\/a>\n\t\t<\/div>\n\t\t\t\t<\/div>\n\t\t\t\t<\/div>\n\t\t\t\t\t<\/div>\n\t\t<\/div>\n\t\t\t\t\t<\/div>\n\t\t<\/section>\n\t\t\t\t<section class=\"elementor-section elementor-top-section elementor-element elementor-element-cf5deec elementor-section-stretched elementor-section-boxed elementor-section-height-default elementor-section-height-default\" data-id=\"cf5deec\" data-element_type=\"section\" data-settings=\"{&quot;stretch_section&quot;:&quot;section-stretched&quot;}\">\n\t\t\t\t\t\t<div class=\"elementor-container elementor-column-gap-default\">\n\t\t\t\t\t<div class=\"elementor-column elementor-col-33 elementor-top-column elementor-element elementor-element-fa60eae\" data-id=\"fa60eae\" data-element_type=\"column\">\n\t\t\t<div class=\"elementor-widget-wrap elementor-element-populated\">\n\t\t\t\t\t\t<div class=\"elementor-element elementor-element-c5887f6 elementor-widget elementor-widget-image\" data-id=\"c5887f6\" data-element_type=\"widget\" data-widget_type=\"image.default\">\n\t\t\t\t<div class=\"elementor-widget-container\">\n\t\t\t\t\t\t\t\t\t\t\t\t\t<img decoding=\"async\" src=\"https:\/\/www.questiondestyle.fr\/wp-content\/uploads\/elementor\/thumbs\/enseigne-barbier2-pw73eoscyiecd6ep6lnyyv0tjotsgfnow9v3m586io.png\" title=\"enseigne barbier2\" alt=\"enseigne barbier2\" loading=\"lazy\" \/>\t\t\t\t\t\t\t\t\t\t\t\t\t<\/div>\n\t\t\t\t<\/div>\n\t\t\t\t\t<\/div>\n\t\t<\/div>\n\t\t\t\t<div class=\"elementor-column elementor-col-33 elementor-top-column elementor-element elementor-element-44186b6\" data-id=\"44186b6\" data-element_type=\"column\">\n\t\t\t<div class=\"elementor-widget-wrap elementor-element-populated\">\n\t\t\t\t\t\t<div class=\"elementor-element elementor-element-359f996 elementor-widget elementor-widget-text-editor\" data-id=\"359f996\" data-element_type=\"widget\" data-widget_type=\"text-editor.default\">\n\t\t\t\t<div class=\"elementor-widget-container\">\n\t\t\t\t\t\t\t<p style=\"text-align: center;\"><span style=\"color: #00000;\"><strong>Service barbier\u00a0:<\/strong><\/span><\/p>\n<span style=\"color: #00000;\">Barbe de trois jours, moustache ou encore grande barbe, nous vous apportons tous les soins pour un look irr\u00e9prochable\u00a0!<\/span>\t\t\t\t\t\t<\/div>\n\t\t\t\t<\/div>\n\t\t\t\t\t<\/div>\n\t\t<\/div>\n\t\t\t\t<div class=\"elementor-column elementor-col-33 elementor-top-column elementor-element elementor-element-a36ea79\" data-id=\"a36ea79\" data-element_type=\"column\">\n\t\t\t<div class=\"elementor-widget-wrap elementor-element-populated\">\n\t\t\t\t\t\t<div class=\"elementor-element elementor-element-24f6899 elementor-widget elementor-widget-image\" data-id=\"24f6899\" data-element_type=\"widget\" data-widget_type=\"image.default\">\n\t\t\t\t<div class=\"elementor-widget-container\">\n\t\t\t\t\t\t\t\t\t\t\t\t\t<img decoding=\"async\" width=\"525\" height=\"383\" src=\"https:\/\/www.questiondestyle.fr\/wp-content\/uploads\/2019\/02\/barbier-1024x748.jpg\" class=\"attachment-large size-large wp-image-134\" alt=\"\" srcset=\"https:\/\/www.questiondestyle.fr\/wp-content\/uploads\/2019\/02\/barbier-1024x748.jpg 1024w, https:\/\/www.questiondestyle.fr\/wp-content\/uploads\/2019\/02\/barbier-300x219.jpg 300w, https:\/\/www.questiondestyle.fr\/wp-content\/uploads\/2019\/02\/barbier-768x561.jpg 768w, https:\/\/www.questiondestyle.fr\/wp-content\/uploads\/2019\/02\/barbier.jpg 1065w\" sizes=\"100vw\" \/>\t\t\t\t\t\t\t\t\t\t\t\t\t<\/div>\n\t\t\t\t<\/div>\n\t\t\t\t\t<\/div>\n\t\t<\/div>\n\t\t\t\t\t<\/div>\n\t\t<\/section>\n\t\t\t\t<section class=\"elementor-section elementor-top-section elementor-element elementor-element-f1d7b64 elementor-section-boxed elementor-section-height-default elementor-section-height-default\" data-id=\"f1d7b64\" data-element_type=\"section\">\n\t\t\t\t\t\t<div class=\"elementor-container elementor-column-gap-default\">\n\t\t\t\t\t<div class=\"elementor-column elementor-col-100 elementor-top-column elementor-element elementor-element-49371f9\" data-id=\"49371f9\" data-element_type=\"column\">\n\t\t\t<div class=\"elementor-widget-wrap elementor-element-populated\">\n\t\t\t\t\t\t<div class=\"elementor-element elementor-element-78c0ee3 elementor-widget elementor-widget-text-editor\" data-id=\"78c0ee3\" data-element_type=\"widget\" data-widget_type=\"text-editor.default\">\n\t\t\t\t<div class=\"elementor-widget-container\">\n\t\t\t\t\t\t\t<p style=\"text-align: center;\"><span style=\"color: #00000;\"><strong>Adresse<\/strong> : 33 rue Saint-Vincent, 44330 Le Pallet <\/span><br \/><span style=\"color: #00000;\"><strong>T\u00e9l\u00e9phone<\/strong> : 02 40 80 41 73 <\/span><br \/><span style=\"color: #00000;\"><strong>E-mail :<\/strong> info@questiondestyle.com<\/span><\/p><p style=\"text-align: center;\"><span style=\"color: #00000;\"><strong>HORAIRES<\/strong> <\/span><\/p><p style=\"text-align: center;\"><span style=\"color: #00000;\"><strong>Mardi et mercredi :<\/strong> 9h \u00e0 12h et 14h \u00e0 19h<\/span><br \/><span style=\"color: #00000;\"><strong>Jeudi :<\/strong> 9h \u00e0 12h et 14h \u00e0 19h et 13h30 \u00e0 19h <\/span><br \/><span style=\"color: #00000;\"><strong>Vendredi<\/strong> (journ\u00e9e continue)<strong> :<\/strong> 9h \u00e0 19h30 <\/span><br \/><span style=\"color: #00000;\"><strong>Samedi<\/strong> (journ\u00e9e continue)<strong> :<\/strong> 8h \u00e0 16h<\/span><\/p>\t\t\t\t\t\t<\/div>\n\t\t\t\t<\/div>\n\t\t\t\t\t<\/div>\n\t\t<\/div>\n\t\t\t\t\t<\/div>\n\t\t<\/section>\n\t\t\t\t<\/div>\n\t\t","protected":false},"excerpt":{"rendered":"<p>Notre salon de coiffure Question de Style est situ\u00e9 dans le vignoble Nantais, au Pallet, entre Vallet et Clisson. Nous sommes form\u00e9es aux nouvelles tendances et nous vous proposons des services sur mesure en tenant compte de votre personnalit\u00e9.D\u00e9couvrez dans notre salon des prestations exclusives : coiffure mixte, barbier, coloration, m\u00e8ches ou balayage, coiffure de &hellip; <\/p>\n<p class=\"link-more\"><a href=\"https:\/\/www.questiondestyle.fr\/\" class=\"more-link\">Continuer la lecture<span class=\"screen-reader-text\"> de &laquo;&nbsp;Accueil&nbsp;&raquo;<\/span><\/a><\/p>\n","protected":false},"author":1,"featured_media":0,"parent":0,"menu_order":0,"comment_status":"closed","ping_status":"closed","template":"","meta":{"footnotes":""},"jetpack_sharing_enabled":true,"_links":{"self":[{"href":"https:\/\/www.questiondestyle.fr\/index.php?rest_route=\/wp\/v2\/pages\/16"}],"collection":[{"href":"https:\/\/www.questiondestyle.fr\/index.php?rest_route=\/wp\/v2\/pages"}],"about":[{"href":"https:\/\/www.questiondestyle.fr\/index.php?rest_route=\/wp\/v2\/types\/page"}],"author":[{"embeddable":true,"href":"https:\/\/www.questiondestyle.fr\/index.php?rest_route=\/wp\/v2\/users\/1"}],"replies":[{"embeddable":true,"href":"https:\/\/www.questiondestyle.fr\/index.php?rest_route=%2Fwp%2Fv2%2Fcomments&post=16"}],"version-history":[{"count":36,"href":"https:\/\/www.questiondestyle.fr\/index.php?rest_route=\/wp\/v2\/pages\/16\/revisions"}],"predecessor-version":[{"id":340,"href":"https:\/\/www.questiondestyle.fr\/index.php?rest_route=\/wp\/v2\/pages\/16\/revisions\/340"}],"wp:attachment":[{"href":"https:\/\/www.questiondestyle.fr\/index.php?rest_route=%2Fwp%2Fv2%2Fmedia&parent=16"}],"curies":[{"name":"wp","href":"https:\/\/api.w.org\/{rel}","templated":true}]}}