{"id":24,"date":"2019-01-22T16:25:11","date_gmt":"2019-01-22T15:25:11","guid":{"rendered":"https:\/\/questiondestyle.a2dfinformatique.com\/?page_id=24"},"modified":"2022-12-11T21:24:50","modified_gmt":"2022-12-11T20:24:50","slug":"notre-equipe","status":"publish","type":"page","link":"https:\/\/www.questiondestyle.fr\/?page_id=24","title":{"rendered":"Le salon"},"content":{"rendered":"\t\t<div data-elementor-type=\"wp-post\" data-elementor-id=\"24\" class=\"elementor elementor-24\">\n\t\t\t\t\t\t<section class=\"elementor-section elementor-top-section elementor-element elementor-element-4d12a60 elementor-section-boxed elementor-section-height-default elementor-section-height-default\" data-id=\"4d12a60\" data-element_type=\"section\">\n\t\t\t\t\t\t<div class=\"elementor-container elementor-column-gap-default\">\n\t\t\t\t\t<div class=\"elementor-column elementor-col-100 elementor-top-column elementor-element elementor-element-3618397\" data-id=\"3618397\" data-element_type=\"column\">\n\t\t\t<div class=\"elementor-widget-wrap elementor-element-populated\">\n\t\t\t\t\t\t<div class=\"elementor-element elementor-element-ec3f47c elementor-arrows-position-inside elementor-pagination-position-outside elementor-widget elementor-widget-image-carousel\" data-id=\"ec3f47c\" data-element_type=\"widget\" data-settings=\"{&quot;slides_to_show&quot;:&quot;1&quot;,&quot;navigation&quot;:&quot;both&quot;,&quot;autoplay&quot;:&quot;yes&quot;,&quot;pause_on_hover&quot;:&quot;yes&quot;,&quot;pause_on_interaction&quot;:&quot;yes&quot;,&quot;autoplay_speed&quot;:5000,&quot;infinite&quot;:&quot;yes&quot;,&quot;effect&quot;:&quot;slide&quot;,&quot;speed&quot;:500}\" data-widget_type=\"image-carousel.default\">\n\t\t\t\t<div class=\"elementor-widget-container\">\n\t\t\t<style>\/*! elementor - v3.22.0 - 16-06-2024 *\/\n.elementor-widget-image-carousel .swiper,.elementor-widget-image-carousel .swiper-container{position:static}.elementor-widget-image-carousel .swiper-container .swiper-slide figure,.elementor-widget-image-carousel .swiper .swiper-slide figure{line-height:inherit}.elementor-widget-image-carousel .swiper-slide{text-align:center}.elementor-image-carousel-wrapper:not(.swiper-container-initialized):not(.swiper-initialized) .swiper-slide{max-width:calc(100% \/ var(--e-image-carousel-slides-to-show, 3))}<\/style>\t\t<div class=\"elementor-image-carousel-wrapper swiper\" dir=\"ltr\">\n\t\t\t<div class=\"elementor-image-carousel swiper-wrapper\" aria-live=\"off\">\n\t\t\t\t\t\t\t\t<div class=\"swiper-slide\" role=\"group\" aria-roledescription=\"slide\" aria-label=\"1 sur 7\"><a data-elementor-open-lightbox=\"yes\" data-elementor-lightbox-slideshow=\"ec3f47c\" data-elementor-lightbox-title=\"salon-8\" data-e-action-hash=\"#elementor-action%3Aaction%3Dlightbox%26settings%3DeyJpZCI6MTQ5LCJ1cmwiOiJodHRwczpcL1wvd3d3LnF1ZXN0aW9uZGVzdHlsZS5mclwvd3AtY29udGVudFwvdXBsb2Fkc1wvMjAxOVwvMDJcL3NhbG9uLTgucG5nIiwic2xpZGVzaG93IjoiZWMzZjQ3YyJ9\" href=\"https:\/\/www.questiondestyle.fr\/wp-content\/uploads\/2019\/02\/salon-8.png\"><figure class=\"swiper-slide-inner\"><img decoding=\"async\" class=\"swiper-slide-image\" src=\"https:\/\/www.questiondestyle.fr\/wp-content\/uploads\/2019\/02\/salon-8-768x555.png\" alt=\"salon-8\" \/><\/figure><\/a><\/div><div class=\"swiper-slide\" role=\"group\" aria-roledescription=\"slide\" aria-label=\"2 sur 7\"><a data-elementor-open-lightbox=\"yes\" data-elementor-lightbox-slideshow=\"ec3f47c\" data-elementor-lightbox-title=\"salon-13\" data-e-action-hash=\"#elementor-action%3Aaction%3Dlightbox%26settings%3DeyJpZCI6MTU0LCJ1cmwiOiJodHRwczpcL1wvd3d3LnF1ZXN0aW9uZGVzdHlsZS5mclwvd3AtY29udGVudFwvdXBsb2Fkc1wvMjAxOVwvMDJcL3NhbG9uLTEzLnBuZyIsInNsaWRlc2hvdyI6ImVjM2Y0N2MifQ%3D%3D\" href=\"https:\/\/www.questiondestyle.fr\/wp-content\/uploads\/2019\/02\/salon-13.png\"><figure class=\"swiper-slide-inner\"><img decoding=\"async\" class=\"swiper-slide-image\" src=\"https:\/\/www.questiondestyle.fr\/wp-content\/uploads\/2019\/02\/salon-13-768x554.png\" alt=\"salon-13\" \/><\/figure><\/a><\/div><div class=\"swiper-slide\" role=\"group\" aria-roledescription=\"slide\" aria-label=\"3 sur 7\"><a data-elementor-open-lightbox=\"yes\" data-elementor-lightbox-slideshow=\"ec3f47c\" data-elementor-lightbox-title=\"salon-11\" data-e-action-hash=\"#elementor-action%3Aaction%3Dlightbox%26settings%3DeyJpZCI6MTUyLCJ1cmwiOiJodHRwczpcL1wvd3d3LnF1ZXN0aW9uZGVzdHlsZS5mclwvd3AtY29udGVudFwvdXBsb2Fkc1wvMjAxOVwvMDJcL3NhbG9uLTExLnBuZyIsInNsaWRlc2hvdyI6ImVjM2Y0N2MifQ%3D%3D\" href=\"https:\/\/www.questiondestyle.fr\/wp-content\/uploads\/2019\/02\/salon-11.png\"><figure class=\"swiper-slide-inner\"><img decoding=\"async\" class=\"swiper-slide-image\" src=\"https:\/\/www.questiondestyle.fr\/wp-content\/uploads\/2019\/02\/salon-11-768x555.png\" alt=\"salon-11\" \/><\/figure><\/a><\/div><div class=\"swiper-slide\" role=\"group\" aria-roledescription=\"slide\" aria-label=\"4 sur 7\"><a data-elementor-open-lightbox=\"yes\" data-elementor-lightbox-slideshow=\"ec3f47c\" data-elementor-lightbox-title=\"salon-12\" data-e-action-hash=\"#elementor-action%3Aaction%3Dlightbox%26settings%3DeyJpZCI6MTUzLCJ1cmwiOiJodHRwczpcL1wvd3d3LnF1ZXN0aW9uZGVzdHlsZS5mclwvd3AtY29udGVudFwvdXBsb2Fkc1wvMjAxOVwvMDJcL3NhbG9uLTEyLnBuZyIsInNsaWRlc2hvdyI6ImVjM2Y0N2MifQ%3D%3D\" href=\"https:\/\/www.questiondestyle.fr\/wp-content\/uploads\/2019\/02\/salon-12.png\"><figure class=\"swiper-slide-inner\"><img decoding=\"async\" class=\"swiper-slide-image\" src=\"https:\/\/www.questiondestyle.fr\/wp-content\/uploads\/2019\/02\/salon-12-768x554.png\" alt=\"salon-12\" \/><\/figure><\/a><\/div><div class=\"swiper-slide\" role=\"group\" aria-roledescription=\"slide\" aria-label=\"5 sur 7\"><a data-elementor-open-lightbox=\"yes\" data-elementor-lightbox-slideshow=\"ec3f47c\" data-elementor-lightbox-title=\"salon-9\" data-e-action-hash=\"#elementor-action%3Aaction%3Dlightbox%26settings%3DeyJpZCI6MTUwLCJ1cmwiOiJodHRwczpcL1wvd3d3LnF1ZXN0aW9uZGVzdHlsZS5mclwvd3AtY29udGVudFwvdXBsb2Fkc1wvMjAxOVwvMDJcL3NhbG9uLTkucG5nIiwic2xpZGVzaG93IjoiZWMzZjQ3YyJ9\" href=\"https:\/\/www.questiondestyle.fr\/wp-content\/uploads\/2019\/02\/salon-9.png\"><figure class=\"swiper-slide-inner\"><img decoding=\"async\" class=\"swiper-slide-image\" src=\"https:\/\/www.questiondestyle.fr\/wp-content\/uploads\/2019\/02\/salon-9-768x556.png\" alt=\"salon-9\" \/><\/figure><\/a><\/div><div class=\"swiper-slide\" role=\"group\" aria-roledescription=\"slide\" aria-label=\"6 sur 7\"><a data-elementor-open-lightbox=\"yes\" data-elementor-lightbox-slideshow=\"ec3f47c\" data-elementor-lightbox-title=\"salon-10\" data-e-action-hash=\"#elementor-action%3Aaction%3Dlightbox%26settings%3DeyJpZCI6MTUxLCJ1cmwiOiJodHRwczpcL1wvd3d3LnF1ZXN0aW9uZGVzdHlsZS5mclwvd3AtY29udGVudFwvdXBsb2Fkc1wvMjAxOVwvMDJcL3NhbG9uLTEwLnBuZyIsInNsaWRlc2hvdyI6ImVjM2Y0N2MifQ%3D%3D\" href=\"https:\/\/www.questiondestyle.fr\/wp-content\/uploads\/2019\/02\/salon-10.png\"><figure class=\"swiper-slide-inner\"><img decoding=\"async\" class=\"swiper-slide-image\" src=\"https:\/\/www.questiondestyle.fr\/wp-content\/uploads\/2019\/02\/salon-10-768x555.png\" alt=\"salon-10\" \/><\/figure><\/a><\/div><div class=\"swiper-slide\" role=\"group\" aria-roledescription=\"slide\" aria-label=\"7 sur 7\"><a data-elementor-open-lightbox=\"yes\" data-elementor-lightbox-slideshow=\"ec3f47c\" data-elementor-lightbox-title=\"salon-14\" data-e-action-hash=\"#elementor-action%3Aaction%3Dlightbox%26settings%3DeyJpZCI6MTU1LCJ1cmwiOiJodHRwczpcL1wvd3d3LnF1ZXN0aW9uZGVzdHlsZS5mclwvd3AtY29udGVudFwvdXBsb2Fkc1wvMjAxOVwvMDJcL3NhbG9uLTE0LnBuZyIsInNsaWRlc2hvdyI6ImVjM2Y0N2MifQ%3D%3D\" href=\"https:\/\/www.questiondestyle.fr\/wp-content\/uploads\/2019\/02\/salon-14.png\"><figure class=\"swiper-slide-inner\"><img decoding=\"async\" class=\"swiper-slide-image\" src=\"https:\/\/www.questiondestyle.fr\/wp-content\/uploads\/2019\/02\/salon-14-768x555.png\" alt=\"salon-14\" \/><\/figure><\/a><\/div>\t\t\t<\/div>\n\t\t\t\t\t\t\t\t\t\t\t\t<div class=\"elementor-swiper-button elementor-swiper-button-prev\" role=\"button\" tabindex=\"0\">\n\t\t\t\t\t\t<svg aria-hidden=\"true\" class=\"e-font-icon-svg e-eicon-chevron-left\" viewBox=\"0 0 1000 1000\" xmlns=\"http:\/\/www.w3.org\/2000\/svg\"><path d=\"M646 125C629 125 613 133 604 142L308 442C296 454 292 471 292 487 292 504 296 521 308 533L604 854C617 867 629 875 646 875 663 875 679 871 692 858 704 846 713 829 713 812 713 796 708 779 692 767L438 487 692 225C700 217 708 204 708 187 708 171 704 154 692 142 675 129 663 125 646 125Z\"><\/path><\/svg>\t\t\t\t\t<\/div>\n\t\t\t\t\t<div class=\"elementor-swiper-button elementor-swiper-button-next\" role=\"button\" tabindex=\"0\">\n\t\t\t\t\t\t<svg aria-hidden=\"true\" class=\"e-font-icon-svg e-eicon-chevron-right\" viewBox=\"0 0 1000 1000\" xmlns=\"http:\/\/www.w3.org\/2000\/svg\"><path d=\"M696 533C708 521 713 504 713 487 713 471 708 454 696 446L400 146C388 133 375 125 354 125 338 125 325 129 313 142 300 154 292 171 292 187 292 204 296 221 308 233L563 492 304 771C292 783 288 800 288 817 288 833 296 850 308 863 321 871 338 875 354 875 371 875 388 867 400 854L696 533Z\"><\/path><\/svg>\t\t\t\t\t<\/div>\n\t\t\t\t\n\t\t\t\t\t\t\t\t\t<div class=\"swiper-pagination\"><\/div>\n\t\t\t\t\t\t\t\t\t<\/div>\n\t\t\t\t<\/div>\n\t\t\t\t<\/div>\n\t\t\t\t\t<\/div>\n\t\t<\/div>\n\t\t\t\t\t<\/div>\n\t\t<\/section>\n\t\t\t\t<section class=\"elementor-section elementor-top-section elementor-element elementor-element-6f3b2e3 elementor-section-boxed elementor-section-height-default elementor-section-height-default\" data-id=\"6f3b2e3\" data-element_type=\"section\">\n\t\t\t\t\t\t<div class=\"elementor-container elementor-column-gap-default\">\n\t\t\t\t\t<div class=\"elementor-column elementor-col-50 elementor-top-column elementor-element elementor-element-a2803dc\" data-id=\"a2803dc\" data-element_type=\"column\">\n\t\t\t<div class=\"elementor-widget-wrap elementor-element-populated\">\n\t\t\t\t\t\t<div class=\"elementor-element elementor-element-a8be8ff elementor-widget elementor-widget-text-editor\" data-id=\"a8be8ff\" data-element_type=\"widget\" data-widget_type=\"text-editor.default\">\n\t\t\t\t<div class=\"elementor-widget-container\">\n\t\t\t<style>\/*! elementor - v3.22.0 - 16-06-2024 *\/\n.elementor-widget-text-editor.elementor-drop-cap-view-stacked .elementor-drop-cap{background-color:#69727d;color:#fff}.elementor-widget-text-editor.elementor-drop-cap-view-framed .elementor-drop-cap{color:#69727d;border:3px solid;background-color:transparent}.elementor-widget-text-editor:not(.elementor-drop-cap-view-default) .elementor-drop-cap{margin-top:8px}.elementor-widget-text-editor:not(.elementor-drop-cap-view-default) .elementor-drop-cap-letter{width:1em;height:1em}.elementor-widget-text-editor .elementor-drop-cap{float:left;text-align:center;line-height:1;font-size:50px}.elementor-widget-text-editor .elementor-drop-cap-letter{display:inline-block}<\/style>\t\t\t\t<p><span style=\"color: #000000;\"><strong>SANDRINE<\/strong><\/span><\/p><p><span style=\"color: #00000;\">Douce et r\u00e9serv\u00e9e, attentionn\u00e9e, touche \u00e0 tout et perfectionniste, c\u2019est la boss du salon.<\/span><\/p><p><br \/><span style=\"color: #000000;\">Elle aime le naturel, un peu moins les brushings ! Ses coupes travaill\u00e9es et styl\u00e9es, dans l\u2019air du temps, sont toujours faciles \u00e0 coiffer \u00e0 votre retour \u00e0 la maison.<\/span><\/p>\t\t\t\t\t\t<\/div>\n\t\t\t\t<\/div>\n\t\t\t\t\t<\/div>\n\t\t<\/div>\n\t\t\t\t<div class=\"elementor-column elementor-col-50 elementor-top-column elementor-element elementor-element-f3743d6\" data-id=\"f3743d6\" data-element_type=\"column\">\n\t\t\t<div class=\"elementor-widget-wrap elementor-element-populated\">\n\t\t\t\t\t\t<div class=\"elementor-element elementor-element-9ea33ac elementor-widget elementor-widget-image\" data-id=\"9ea33ac\" data-element_type=\"widget\" data-widget_type=\"image.default\">\n\t\t\t\t<div class=\"elementor-widget-container\">\n\t\t\t<style>\/*! elementor - v3.22.0 - 16-06-2024 *\/\n.elementor-widget-image{text-align:center}.elementor-widget-image a{display:inline-block}.elementor-widget-image a img[src$=\".svg\"]{width:48px}.elementor-widget-image img{vertical-align:middle;display:inline-block}<\/style>\t\t\t\t\t\t\t\t\t\t<img fetchpriority=\"high\" decoding=\"async\" width=\"525\" height=\"654\" src=\"https:\/\/www.questiondestyle.fr\/wp-content\/uploads\/2019\/02\/portrait-Sandrine-822x1024.jpg\" class=\"attachment-large size-large wp-image-141\" alt=\"\" srcset=\"https:\/\/www.questiondestyle.fr\/wp-content\/uploads\/2019\/02\/portrait-Sandrine-822x1024.jpg 822w, https:\/\/www.questiondestyle.fr\/wp-content\/uploads\/2019\/02\/portrait-Sandrine-241x300.jpg 241w, https:\/\/www.questiondestyle.fr\/wp-content\/uploads\/2019\/02\/portrait-Sandrine-768x957.jpg 768w, https:\/\/www.questiondestyle.fr\/wp-content\/uploads\/2019\/02\/portrait-Sandrine.jpg 921w\" sizes=\"100vw\" \/>\t\t\t\t\t\t\t\t\t\t\t\t\t<\/div>\n\t\t\t\t<\/div>\n\t\t\t\t\t<\/div>\n\t\t<\/div>\n\t\t\t\t\t<\/div>\n\t\t<\/section>\n\t\t\t\t<section class=\"elementor-section elementor-top-section elementor-element elementor-element-3d2c669 elementor-section-boxed elementor-section-height-default elementor-section-height-default\" data-id=\"3d2c669\" data-element_type=\"section\">\n\t\t\t\t\t\t<div class=\"elementor-container elementor-column-gap-default\">\n\t\t\t\t\t<div class=\"elementor-column elementor-col-50 elementor-top-column elementor-element elementor-element-ed58bb1\" data-id=\"ed58bb1\" data-element_type=\"column\">\n\t\t\t<div class=\"elementor-widget-wrap elementor-element-populated\">\n\t\t\t\t\t\t<div class=\"elementor-element elementor-element-1eaa1aa elementor-widget elementor-widget-image\" data-id=\"1eaa1aa\" data-element_type=\"widget\" data-widget_type=\"image.default\">\n\t\t\t\t<div class=\"elementor-widget-container\">\n\t\t\t\t\t\t\t\t\t\t\t\t\t<img decoding=\"async\" width=\"525\" height=\"656\" src=\"https:\/\/www.questiondestyle.fr\/wp-content\/uploads\/2019\/02\/portrait-Nathalie-819x1024.jpg\" class=\"attachment-large size-large wp-image-158\" alt=\"\" srcset=\"https:\/\/www.questiondestyle.fr\/wp-content\/uploads\/2019\/02\/portrait-Nathalie-819x1024.jpg 819w, https:\/\/www.questiondestyle.fr\/wp-content\/uploads\/2019\/02\/portrait-Nathalie-240x300.jpg 240w, https:\/\/www.questiondestyle.fr\/wp-content\/uploads\/2019\/02\/portrait-Nathalie-768x961.jpg 768w, https:\/\/www.questiondestyle.fr\/wp-content\/uploads\/2019\/02\/portrait-Nathalie.jpg 917w\" sizes=\"100vw\" \/>\t\t\t\t\t\t\t\t\t\t\t\t\t<\/div>\n\t\t\t\t<\/div>\n\t\t\t\t\t<\/div>\n\t\t<\/div>\n\t\t\t\t<div class=\"elementor-column elementor-col-50 elementor-top-column elementor-element elementor-element-b25060e\" data-id=\"b25060e\" data-element_type=\"column\">\n\t\t\t<div class=\"elementor-widget-wrap elementor-element-populated\">\n\t\t\t\t\t\t<div class=\"elementor-element elementor-element-52e22f6 elementor-widget elementor-widget-text-editor\" data-id=\"52e22f6\" data-element_type=\"widget\" data-widget_type=\"text-editor.default\">\n\t\t\t\t<div class=\"elementor-widget-container\">\n\t\t\t\t\t\t\t<p><strong>NATHALIE<\/strong><\/p><p>Tr\u00e8s accueillante, passionn\u00e9e par son m\u00e9tier et toujours \u00e0 l\u2019\u00e9coute des clients, c\u2019est une grande pro qui poss\u00e8de toutes les techniques de coupe, de couleur et de balayage. Avis aux Hipsters : elle manie \u00e9galement le coupe-choux \u00e0 la perfection !<\/p>\t\t\t\t\t\t<\/div>\n\t\t\t\t<\/div>\n\t\t\t\t\t<\/div>\n\t\t<\/div>\n\t\t\t\t\t<\/div>\n\t\t<\/section>\n\t\t\t\t<\/div>\n\t\t","protected":false},"excerpt":{"rendered":"<p>Pr\u00e9c\u00e9dent Suivant SANDRINE Douce et r\u00e9serv\u00e9e, attentionn\u00e9e, touche \u00e0 tout et perfectionniste, c\u2019est la boss du salon. Elle aime le naturel, un peu moins les brushings ! Ses coupes travaill\u00e9es et styl\u00e9es, dans l\u2019air du temps, sont toujours faciles \u00e0 coiffer \u00e0 votre retour \u00e0 la maison. NATHALIE Tr\u00e8s accueillante, passionn\u00e9e par son m\u00e9tier et &hellip; <\/p>\n<p class=\"link-more\"><a href=\"https:\/\/www.questiondestyle.fr\/?page_id=24\" class=\"more-link\">Continuer la lecture<span class=\"screen-reader-text\"> de &laquo;&nbsp;Le salon&nbsp;&raquo;<\/span><\/a><\/p>\n","protected":false},"author":1,"featured_media":0,"parent":0,"menu_order":0,"comment_status":"closed","ping_status":"closed","template":"","meta":{"footnotes":""},"jetpack_sharing_enabled":true,"_links":{"self":[{"href":"https:\/\/www.questiondestyle.fr\/index.php?rest_route=\/wp\/v2\/pages\/24"}],"collection":[{"href":"https:\/\/www.questiondestyle.fr\/index.php?rest_route=\/wp\/v2\/pages"}],"about":[{"href":"https:\/\/www.questiondestyle.fr\/index.php?rest_route=\/wp\/v2\/types\/page"}],"author":[{"embeddable":true,"href":"https:\/\/www.questiondestyle.fr\/index.php?rest_route=\/wp\/v2\/users\/1"}],"replies":[{"embeddable":true,"href":"https:\/\/www.questiondestyle.fr\/index.php?rest_route=%2Fwp%2Fv2%2Fcomments&post=24"}],"version-history":[{"count":25,"href":"https:\/\/www.questiondestyle.fr\/index.php?rest_route=\/wp\/v2\/pages\/24\/revisions"}],"predecessor-version":[{"id":347,"href":"https:\/\/www.questiondestyle.fr\/index.php?rest_route=\/wp\/v2\/pages\/24\/revisions\/347"}],"wp:attachment":[{"href":"https:\/\/www.questiondestyle.fr\/index.php?rest_route=%2Fwp%2Fv2%2Fmedia&parent=24"}],"curies":[{"name":"wp","href":"https:\/\/api.w.org\/{rel}","templated":true}]}}