{"id":68,"date":"2019-01-22T17:50:28","date_gmt":"2019-01-22T16:50:28","guid":{"rendered":"https:\/\/questiondestyle.a2dfinformatique.com\/?page_id=68"},"modified":"2022-12-11T20:39:40","modified_gmt":"2022-12-11T19:39:40","slug":"contact","status":"publish","type":"page","link":"https:\/\/www.questiondestyle.fr\/?page_id=68","title":{"rendered":"Contact"},"content":{"rendered":"\t\t<div data-elementor-type=\"wp-post\" data-elementor-id=\"68\" class=\"elementor elementor-68\">\n\t\t\t\t\t\t<section class=\"elementor-section elementor-top-section elementor-element elementor-element-2cb35b8 elementor-section-boxed elementor-section-height-default elementor-section-height-default\" data-id=\"2cb35b8\" data-element_type=\"section\">\n\t\t\t\t\t\t<div class=\"elementor-container elementor-column-gap-default\">\n\t\t\t\t\t<div class=\"elementor-column elementor-col-100 elementor-top-column elementor-element elementor-element-d61f5cc\" data-id=\"d61f5cc\" data-element_type=\"column\">\n\t\t\t<div class=\"elementor-widget-wrap elementor-element-populated\">\n\t\t\t\t\t\t<div class=\"elementor-element elementor-element-4629af8 elementor-widget elementor-widget-google_maps\" data-id=\"4629af8\" data-element_type=\"widget\" data-widget_type=\"google_maps.default\">\n\t\t\t\t<div class=\"elementor-widget-container\">\n\t\t\t<style>\/*! elementor - v3.22.0 - 16-06-2024 *\/\n.elementor-widget-google_maps .elementor-widget-container{overflow:hidden}.elementor-widget-google_maps .elementor-custom-embed{line-height:0}.elementor-widget-google_maps iframe{height:300px}<\/style>\t\t<div class=\"elementor-custom-embed\">\n\t\t\t<iframe loading=\"lazy\"\n\t\t\t\t\tsrc=\"https:\/\/maps.google.com\/maps?q=33%20Rue%20Saint-Vincent%2C%2044330%20Le%20Pallet&#038;t=m&#038;z=13&#038;output=embed&#038;iwloc=near\"\n\t\t\t\t\ttitle=\"33 Rue Saint-Vincent, 44330 Le Pallet\"\n\t\t\t\t\taria-label=\"33 Rue Saint-Vincent, 44330 Le Pallet\"\n\t\t\t><\/iframe>\n\t\t<\/div>\n\t\t\t\t<\/div>\n\t\t\t\t<\/div>\n\t\t\t\t\t<\/div>\n\t\t<\/div>\n\t\t\t\t\t<\/div>\n\t\t<\/section>\n\t\t\t\t<section class=\"elementor-section elementor-top-section elementor-element elementor-element-5f1d5e7 elementor-section-boxed elementor-section-height-default elementor-section-height-default\" data-id=\"5f1d5e7\" data-element_type=\"section\">\n\t\t\t\t\t\t<div class=\"elementor-container elementor-column-gap-default\">\n\t\t\t\t\t<div class=\"elementor-column elementor-col-100 elementor-top-column elementor-element elementor-element-2e3bb3e\" data-id=\"2e3bb3e\" data-element_type=\"column\">\n\t\t\t<div class=\"elementor-widget-wrap elementor-element-populated\">\n\t\t\t\t\t\t<div class=\"elementor-element elementor-element-a8c0311 elementor-widget elementor-widget-text-editor\" data-id=\"a8c0311\" data-element_type=\"widget\" data-widget_type=\"text-editor.default\">\n\t\t\t\t<div class=\"elementor-widget-container\">\n\t\t\t<style>\/*! elementor - v3.22.0 - 16-06-2024 *\/\n.elementor-widget-text-editor.elementor-drop-cap-view-stacked .elementor-drop-cap{background-color:#69727d;color:#fff}.elementor-widget-text-editor.elementor-drop-cap-view-framed .elementor-drop-cap{color:#69727d;border:3px solid;background-color:transparent}.elementor-widget-text-editor:not(.elementor-drop-cap-view-default) .elementor-drop-cap{margin-top:8px}.elementor-widget-text-editor:not(.elementor-drop-cap-view-default) .elementor-drop-cap-letter{width:1em;height:1em}.elementor-widget-text-editor .elementor-drop-cap{float:left;text-align:center;line-height:1;font-size:50px}.elementor-widget-text-editor .elementor-drop-cap-letter{display:inline-block}<\/style>\t\t\t\t<p style=\"text-align: center;\"><span style=\"color: #000000;\"><strong>Adresse :<\/strong> 33 rue Saint-Vincent, 44330 Le Pallet<\/span><\/p><p style=\"text-align: center;\"><span style=\"color: #000000;\"><strong>T\u00e9l\u00e9phone :<\/strong> 02 40 80 41 73 \u00a0<\/span><\/p><p style=\"text-align: center;\"><span style=\"color: #000000;\"><strong>E-mail :<\/strong> info@questiondestyle.com<\/span><\/p><p style=\"text-align: center;\"><span style=\"text-decoration: underline; color: #000000;\"><strong>HORAIRES<\/strong><\/span><br \/><span style=\"color: #000000;\"><strong>Mardi et mercredi :<\/strong> 9h \u00e0 12h et 14h \u00e0 19h<\/span><br \/><span style=\"color: #000000;\"><strong>Jeudi :<\/strong> 9h \u00e0 12h et 13h \u00e0 19h<\/span><br \/><span style=\"color: #000000;\"><strong>Vendredi<\/strong> (journ\u00e9e continue) : 9h \u00e0 19h30<\/span><br \/><span style=\"color: #000000;\"><strong>Samedi<\/strong> (journ\u00e9e continue) : 8h \u00e0 16h<\/span><\/p>\t\t\t\t\t\t<\/div>\n\t\t\t\t<\/div>\n\t\t\t\t\t<\/div>\n\t\t<\/div>\n\t\t\t\t\t<\/div>\n\t\t<\/section>\n\t\t\t\t<\/div>\n\t\t","protected":false},"excerpt":{"rendered":"<p>Adresse : 33 rue Saint-Vincent, 44330 Le Pallet T\u00e9l\u00e9phone : 02 40 80 41 73 \u00a0 E-mail : info@questiondestyle.com HORAIRESMardi et mercredi : 9h \u00e0 12h et 14h \u00e0 19hJeudi : 9h \u00e0 12h et 13h \u00e0 19hVendredi (journ\u00e9e continue) : 9h \u00e0 19h30Samedi (journ\u00e9e continue) : 8h \u00e0 16h<\/p>\n","protected":false},"author":1,"featured_media":0,"parent":0,"menu_order":0,"comment_status":"closed","ping_status":"closed","template":"","meta":{"footnotes":""},"jetpack_sharing_enabled":true,"_links":{"self":[{"href":"https:\/\/www.questiondestyle.fr\/index.php?rest_route=\/wp\/v2\/pages\/68"}],"collection":[{"href":"https:\/\/www.questiondestyle.fr\/index.php?rest_route=\/wp\/v2\/pages"}],"about":[{"href":"https:\/\/www.questiondestyle.fr\/index.php?rest_route=\/wp\/v2\/types\/page"}],"author":[{"embeddable":true,"href":"https:\/\/www.questiondestyle.fr\/index.php?rest_route=\/wp\/v2\/users\/1"}],"replies":[{"embeddable":true,"href":"https:\/\/www.questiondestyle.fr\/index.php?rest_route=%2Fwp%2Fv2%2Fcomments&post=68"}],"version-history":[{"count":14,"href":"https:\/\/www.questiondestyle.fr\/index.php?rest_route=\/wp\/v2\/pages\/68\/revisions"}],"predecessor-version":[{"id":323,"href":"https:\/\/www.questiondestyle.fr\/index.php?rest_route=\/wp\/v2\/pages\/68\/revisions\/323"}],"wp:attachment":[{"href":"https:\/\/www.questiondestyle.fr\/index.php?rest_route=%2Fwp%2Fv2%2Fmedia&parent=68"}],"curies":[{"name":"wp","href":"https:\/\/api.w.org\/{rel}","templated":true}]}}